{"id":1068,"date":"2014-02-07T11:27:11","date_gmt":"2014-02-07T11:27:11","guid":{"rendered":"https:\/\/www.serengeo.com\/?page_id=1068"},"modified":"2021-07-30T13:52:12","modified_gmt":"2021-07-30T12:52:12","slug":"chi-siamo","status":"publish","type":"page","link":"https:\/\/www.serengeo.com\/it\/chi-siamo\/","title":{"rendered":"Chi siamo"},"content":{"rendered":"<section class=\"section section-padded \"><div class=\"container-fluid\"><div class=\"section-header\"><h1>Soci <\/h1><\/div><div class=\"row-fluid\"><ul class=\"unstyled row-fluid\"><li class=\"span4\"><div class=\"round-box box-big\"><span class=\"box-inner\"><img decoding=\"async\" alt=\"Sara Focaccia\" class=\"img-circle lazyload\" data-src=\"https:\/\/www.serengeo.com\/wp-content\/uploads\/2013\/03\/Sara300x300.jpg\" src=\"data:image\/svg+xml;base64,PHN2ZyB3aWR0aD0iMSIgaGVpZ2h0PSIxIiB4bWxucz0iaHR0cDovL3d3dy53My5vcmcvMjAwMC9zdmciPjwvc3ZnPg==\" style=\"--smush-placeholder-width: 300px; --smush-placeholder-aspect-ratio: 300\/300;\"><\/span><\/div><h3 class=\"text-center\">Sara Focaccia<small class=\"block\"><\/small><\/h3><p><p align='justify'>Ingegnere ambientale, Dottore di ricerca dell\u2019Universit\u00e0 di Bologna e dell\u2019Instituto Superior Tecnico di Lisbona con una tesi sulla modellizzazione numerica di sistemi geotermici superficiali, lavora nel campo della geotermia a bassa entalpia dal 2009 ed \u00e8 professoressa nell'area dell'Ingegneria Petrolifera a Lisbona ed a Luanda. E\u2019 responsabile dei servizi di comunicazione e delle attivit\u00e0 nell\u2019area della geotermia per la produzione termica.<\/p><\/p><ul class=\"inline text-center big social-icons\"><\/ul><\/li><li class=\"span4\"><div class=\"round-box box-big\"><span class=\"box-inner\"><img decoding=\"async\" alt=\"Carlo Cormio\" class=\"img-circle lazyload\" data-src=\"https:\/\/www.serengeo.com\/wp-content\/uploads\/2013\/03\/Carlo_Cormio.jpg\" src=\"data:image\/svg+xml;base64,PHN2ZyB3aWR0aD0iMSIgaGVpZ2h0PSIxIiB4bWxucz0iaHR0cDovL3d3dy53My5vcmcvMjAwMC9zdmciPjwvc3ZnPg==\" style=\"--smush-placeholder-width: 300px; --smush-placeholder-aspect-ratio: 300\/300;\"><\/span><\/div><h3 class=\"text-center\">Carlo Cormio<small class=\"block\"><\/small><\/h3><p><p align=\"justify\">Dottore di Ricerca in Geoingegneria ed Ingegnere per l\u2019Ambiente e il Territorio, dal 2004 svolge attivit\u00e0 di ricerca applicata per la pianificazione e la progettazione sostenibili delle attivit\u00e0 estrattive, della riqualificazione funzionale e della valutazione di impatto ambientale di cave e miniere attive, dismesse ed abbandonate. Dal 2008 si occupa di modellazione numerica di reservoir geotermici, ed \u00e8 il principale sviluppatore di TOUGH2GIS, un software di pre-processing per il codice numerico TOUGH2.<\/p><\/p><ul class=\"inline text-center big social-icons\"><\/ul><\/li><li class=\"span4\"><div class=\"round-box box-big\"><span class=\"box-inner\"><img decoding=\"async\" alt=\"Annalisa Bandini\" class=\"img-circle lazyload\" data-src=\"https:\/\/www.serengeo.com\/wp-content\/uploads\/2013\/03\/Annalisa300x3001.jpg\" src=\"data:image\/svg+xml;base64,PHN2ZyB3aWR0aD0iMSIgaGVpZ2h0PSIxIiB4bWxucz0iaHR0cDovL3d3dy53My5vcmcvMjAwMC9zdmciPjwvc3ZnPg==\" style=\"--smush-placeholder-width: 300px; --smush-placeholder-aspect-ratio: 300\/300;\"><\/span><\/div><h3 class=\"text-center\">Annalisa Bandini<small class=\"block\"><\/small><\/h3><p><p align='justify'>Ingegnere Ambiente e Territorio, Dottore di Ricerca in Geoingegneria, Georisorse ed Ingegneria Geotecnica (Universit\u00e0 di Bologna), dal 2007 al 2015 ha lavorato in ambito accademico svolgendo attivit\u00e0 di ricerca nel settore della meccanica delle rocce, dell\u2019ingegneria degli scavi e del tunnelling.<\/p><\/p><ul class=\"inline text-center big social-icons\"><\/ul><\/li><\/ul><\/div><\/div><\/section>\r\n\r\n<section class=\"section section-padded \"><div class=\"container-fluid\"><div class=\"row-fluid\"><ul class=\"unstyled row-fluid\"><li class=\"span4\"><div class=\"round-box box-big\"><span class=\"box-inner\"><img decoding=\"async\" alt=\"Paolo Berry\" class=\"img-circle lazyload\" data-src=\"https:\/\/www.serengeo.com\/wp-content\/uploads\/2014\/02\/Berry300X300.jpg\" src=\"data:image\/svg+xml;base64,PHN2ZyB3aWR0aD0iMSIgaGVpZ2h0PSIxIiB4bWxucz0iaHR0cDovL3d3dy53My5vcmcvMjAwMC9zdmciPjwvc3ZnPg==\" style=\"--smush-placeholder-width: 300px; --smush-placeholder-aspect-ratio: 300\/300;\"><\/span><\/div><h3 class=\"text-center\">Paolo Berry<small class=\"block\"><\/small><\/h3><p><p align='justify'>Gi\u00e0 Professore Ordinario presso il Dipartimento DICAM dell\u2019Universit\u00e0 di Bologna, si occupa di ingegneria e sicurezza degli scavi minerari e per infrastrutture civili.Gli studi e ricerche sono rivolti alla caratterizzazione di rocce e ammassi rocciosi, a mettere a punto metodi e tecniche innovative per l\u2019estrazione di minerali solidi in cave e miniere e per la produzione di fluidi geotermici, a definire sistemi e procedure per rendere sicuri i lavori di scavo in sotterraneo.<\/p><\/p><ul class=\"inline text-center big social-icons\"><\/ul><\/li><li class=\"span4\"><div class=\"round-box box-big\"><span class=\"box-inner\"><img decoding=\"async\" alt=\"Villiam Bortolotti\" class=\"img-circle lazyload\" data-src=\"https:\/\/www.serengeo.com\/wp-content\/uploads\/2014\/03\/VB_300-2.jpg\" src=\"data:image\/svg+xml;base64,PHN2ZyB3aWR0aD0iMSIgaGVpZ2h0PSIxIiB4bWxucz0iaHR0cDovL3d3dy53My5vcmcvMjAwMC9zdmciPjwvc3ZnPg==\" style=\"--smush-placeholder-width: 300px; --smush-placeholder-aspect-ratio: 300\/300;\"><\/span><\/div><h3 class=\"text-center\">Villiam Bortolotti<small class=\"block\"><\/small><\/h3><p><p align='justify'>Professore Associato presso il Dipartimento DICAM dell\u2019Universit\u00e0 di Bologna. Si occupa di fluidi nei mezzi porosi. Da diversi anni parte della sua attivit\u00e0 di ricerca \u00e8 dedicata allo sviluppo di strumenti e metodologie utilizzabili nell\u2019ambito della modellazione e simulazione di georisorse.<\/p><\/p><ul class=\"inline text-center big social-icons\"><\/ul><\/li><li class=\"span4\"><div class=\"round-box box-big\"><span class=\"box-inner\"><img decoding=\"async\" alt=\"Stefano Bondu\u00e0\" class=\"img-circle lazyload\" data-src=\"https:\/\/www.serengeo.com\/wp-content\/uploads\/2014\/03\/StefanoBondua300x300.jpg\" src=\"data:image\/svg+xml;base64,PHN2ZyB3aWR0aD0iMSIgaGVpZ2h0PSIxIiB4bWxucz0iaHR0cDovL3d3dy53My5vcmcvMjAwMC9zdmciPjwvc3ZnPg==\" style=\"--smush-placeholder-width: 300px; --smush-placeholder-aspect-ratio: 300\/300;\"><\/span><\/div><h3 class=\"text-center\">Stefano Bondu\u00e0<small class=\"block\"><\/small><\/h3><p><p align='justify'>Ricercatore presso il DICAM.\u00a0Dottore di Ricerca in Georisorse e Geotecnologie, Ingegnere per l\u2019Ambiente e il Territorio, dal 2004 svolge attivit\u00e0 di ricerca applicata per la caratterizzazione di giacimenti minerari. Dal 2008 si occupa di modellazione numerica di reservoir geotermici ed \u00e8 il principale sviluppatore di TOUGH2Viewer, un software di post-processing per il codice numerico TOUGH2.<\/p><\/p><ul class=\"inline text-center big social-icons\"><\/ul><\/li><\/ul><\/div><\/div><\/section>\r\n\r\n\r\n\r\n<section class=\"section section-padded \"><div class=\"container-fluid\"><div class=\"section-header\"><h1>Collaboratori <\/h1><\/div><div class=\"row-fluid\"><ul class=\"unstyled row-fluid\"><li class=\"span4\"><div class=\"round-box box-big\"><span class=\"box-inner\"><img decoding=\"async\" alt=\"Francesco Tinti\" class=\"img-circle lazyload\" data-src=\"https:\/\/www.serengeo.com\/wp-content\/uploads\/2013\/03\/francesco300x300_2-1.jpg\" src=\"data:image\/svg+xml;base64,PHN2ZyB3aWR0aD0iMSIgaGVpZ2h0PSIxIiB4bWxucz0iaHR0cDovL3d3dy53My5vcmcvMjAwMC9zdmciPjwvc3ZnPg==\" style=\"--smush-placeholder-width: 300px; --smush-placeholder-aspect-ratio: 300\/300;\"><\/span><\/div><h3 class=\"text-center\">Francesco Tinti<small class=\"block\"><\/small><\/h3><p><p align='justify'>Ingegnere Ambientale,\u00a0Dottore di Ricerca dell\u2019Universit\u00e0 di Bologna, lavora nel campo della geotermia per la climatizzazione di edifici dal 2007. Ricercatore presso il DICAM dal 2016,ha collaborato in diversi Progetti Europei per l\u2019utilizzo e la diffusione della risorsa geotermica.<\/p><\/p><ul class=\"inline text-center big social-icons\"><\/ul><\/li><li class=\"span4\"><div class=\"round-box box-big\"><span class=\"box-inner\"><img decoding=\"async\" alt=\"Fausto Peddis\" class=\"img-circle lazyload\" data-src=\"https:\/\/www.serengeo.com\/wp-content\/uploads\/2013\/03\/fausto300x300.jpg\" src=\"data:image\/svg+xml;base64,PHN2ZyB3aWR0aD0iMSIgaGVpZ2h0PSIxIiB4bWxucz0iaHR0cDovL3d3dy53My5vcmcvMjAwMC9zdmciPjwvc3ZnPg==\" style=\"--smush-placeholder-width: 300px; --smush-placeholder-aspect-ratio: 300\/300;\"><\/span><\/div><h3 class=\"text-center\">Fausto Peddis<small class=\"block\"><\/small><\/h3><p><p align='justify'>Geologo e petrofisico, responsabile tecnico del Laboratorio Lagirn del DICAM dell\u2019Universit\u00e0 di Bologna dal 2001.<\/p><\/p><ul class=\"inline text-center big social-icons\"><\/ul><\/li><li class=\"span4\"><div class=\"round-box box-big\"><span class=\"box-inner\"><img decoding=\"async\" alt=\"Valentina Fargnoli\" class=\"img-circle lazyload\" data-src=\"https:\/\/www.serengeo.com\/wp-content\/uploads\/2014\/02\/Vale300x300.jpg\" src=\"data:image\/svg+xml;base64,PHN2ZyB3aWR0aD0iMSIgaGVpZ2h0PSIxIiB4bWxucz0iaHR0cDovL3d3dy53My5vcmcvMjAwMC9zdmciPjwvc3ZnPg==\" style=\"--smush-placeholder-width: 300px; --smush-placeholder-aspect-ratio: 300\/300;\"><\/span><\/div><h3 class=\"text-center\">Valentina Fargnoli<small class=\"block\"><\/small><\/h3><p><p align='justify'>Ingegnere civile (Politecnico di Bari) e Dottore di Ricerca in Ingegneria Civile, Ambientale e dei Materiali (Universit\u00e0 di Bologna) ha competenze nell\u2019ambito della caratterizzazione geotecnica dei terreni e nell\u2019analisi e modellazione numerica di problemi di ingegneria geotecnica, con particolare riferimento all\u2019interazione terreno-struttura. Dal 2009 al 2015 ha svolto attivit\u00e0 di ricerca sul tema della valutazione dei cedimenti e del danno indotto su strutture esistenti dallo scavo di gallerie urbane.<\/p><\/p><ul class=\"inline text-center big social-icons\"><\/ul><\/li><\/ul><\/div><\/div><\/section>\r\n<section class=\"section section-padded \"><div class=\"container-fluid\"><div class=\"section-header\"><h1>I nostri clienti<\/h1><\/div><div class=\"row-fluid\"><\/div><\/div><\/section>\r\n<p style=\"text-align: center;\">\u00a0<\/p>\r\n<div style=\"overflow-x:auto;\">\r\n<table class=\"center aligncenter\" style=\"width: 100%;\" border=\"1px solid black;\"  border-spacing=\"5px;\">\r\n<col style=\"width:33%\">\r\n\t<col style=\"width:33%\">\r\n\t<col style=\"width:33%\">\r\n<tbody>\r\n<tr>\r\n<th style=\"padding:10px\"><a href=\"https:\/\/www.astaldi.com\/it\/astaldi-homepage\" target=\"_blank\" rel=\"noopener\">Astaldi S.p.A.\u00a0<\/a><\/th>\r\n<th style=\"padding:10px\"><a href=\"https:\/\/www.augellimarmi.it\" target=\"_blank\" rel=\"noopener\">Augelli Cave S.r.l.<\/a><\/th>\r\n<th style=\"padding:10px\">Caposele S.c. a r.l. (ATI <a href=\"http:\/\/www.vianinigroup.it\" target=\"_blank\" rel=\"noopener\">Vianini Lavori SpA<\/a>, <a href=\"https:\/\/www.ghella.com\" target=\"_blank\" rel=\"noopener\">Ghella SpA<\/a>)<\/th>\r\n<\/tr>\r\n<tr>\r\n<th style=\"padding:10px\"><a href=\"https:\/\/www.cewep.eu\" target=\"_blank\" rel=\"noopener\">CEWEP e.V.\u00a0<\/a><\/th>\r\n<th style=\"padding:10px\"><a href=\"https:\/\/www.cipaspa.it\" target=\"_blank\" rel=\"noopener\">Cipa SpA\u00a0<\/a><\/th>\r\n<th style=\"padding:10px\"><a href=\"https:\/\/www.collinilavori.it\" target=\"_blank\" rel=\"noopener\">COLLINI LAVORI S.p.A.<\/a><\/th>\r\n<\/tr>\r\n\r\n<tr>\r\n<th style=\"padding:10px\"><a href=\"https:\/\/www.astaldi.com\/it\/astaldi-homepage\" target=\"_blank\" rel=\"noopener\">Dirpa2 S.c. a r.l.\u00a0<\/a><\/th>\r\n<th style=\"padding:10px\"><a href=\"https:\/\/www.esseg.eu\" target=\"_blank\" rel=\"noopener\">E.S.S.E.G.\u00a0<\/a><\/th>\r\n<th style=\"padding:10px\"><a href=\"https:\/\/mangimiferrero.it\" target=\"_blank\" rel=\"noopener\">Ferrero Mangimi SpA\u00a0<\/a><\/th>\r\n<\/tr>\r\n\r\n<tr>\r\n<th style=\"padding:10px\"><a href=\"https:\/\/www.bbt-se.com\" target=\"_blank\" rel=\"noopener\">\u00a0Galleria di base del Brennero \u2013 Brenner Basistunnel BBT SE<\/a><\/th>\r\n<th style=\"padding:10px\"><a href=\"https:\/\/www.gruppohera.it\" target=\"_blank\" rel=\"noopener\">HERA S.p.A.\u00a0\u00a0<\/a><\/th>\r\n<th style=\"padding:10px\"><a href=\"https:\/\/www.ghella.com\" target=\"_blank\" rel=\"noopener\">Ghella S.p.A.\u00a0\u00a0<\/a><\/th>\r\n<\/tr>\r\n\r\n<tr>\r\n<th style=\"padding:10px\"><a href=\"https:\/\/www.pizzarotti.it\" target=\"_blank\" rel=\"noopener\">\u00a0Impresa Pizzarotti &amp; C. S.p.A.\u00a0<\/a><\/th>\r\n<th style=\"padding:10px\"><a href=\"https:\/\/www.italferr.it\" target=\"_blank\" rel=\"noopener\">Italferr SpA\u00a0<\/a><\/th>\r\n<th style=\"padding:10px\">Nuovo Farma S.c. a r.l. (ATI <a href=\"https:\/\/www.it.strabag.com\" target=\"_blank\" rel=\"noopener\">Strabag SpA<\/a>, <a href=\"https:\/\/www.cogevi.net\/it\/azienda.html\" target=\"_blank\" rel=\"noopener\">Intercantieri Vittadello SpA<\/a>)<\/th>\r\n<\/tr>\r\n\r\n<tr>\r\n<th style=\"padding:10px\"><a href=\"https:\/\/www.palmierigroup.com\/tunneling-2\/\" target=\"_blank\" rel=\"noopener\">\u00a0Palmieri Tunnelling Drilling S.r.l.\u00a0<\/a><\/th>\r\n<th style=\"padding:10px\"><a href=\"https:\/\/www.webuildgroup.com\" target=\"_blank\" rel=\"noopener\">Salini Impregilo S.p.A\u00a0<\/a><\/th>\r\n<th style=\"padding:10px\"><a href=\"https:\/\/www.webuildgroup.com\" target=\"_blank\" rel=\"noopener\">\u00a0Sirjo S.c.p.a<\/a>. (ATI Astaldi SpA, Salini Impregilo SpA)\u00a0<\/th>\r\n<\/tr>\r\n\r\n<tr>\r\n<th style=\"padding:10px\"><a href=\"https:\/\/www.sistemaedileal.it\" target=\"_blank\" rel=\"noopener\">SISTEDIL\u00a0<\/a><\/th>\r\n<th style=\"padding:10px\"><a href=\"http:\/\/www.claterna.com\" target=\"_blank\" rel=\"noopener\">Societ\u00e0 Agricola Mirri Piana S.S. (Birrificio Claterna)\u00a0<\/a><\/th>\r\n<th style=\"padding:10px\"><a href=\"https:\/\/www.it.strabag.com\" target=\"_blank\" rel=\"noopener\">STRABAG S.p.A.\u00a0<\/a><\/th>\r\n<\/tr>\r\n\r\n<tr>\r\n<th style=\"padding:10px\"><a href=\"https:\/\/iwr.tuwien.ac.at\/en\/resources\/home\/\" target=\"_blank\" rel=\"noopener\">\u00a0Technische Universit\u00e4t Wien. Waste and Resource Management<\/a><\/th>\r\n<th><\/th>\r\n<th><\/th>\r\n<\/tr>\r\n<\/tbody>\r\n<\/table>\r\n<\/div>\r\n<p style=\"text-align: center;\">\u00a0<\/p>\r\n<p style=\"text-align: center;\"><\/p>","protected":false},"excerpt":{"rendered":"<p>\u00a0 Astaldi S.p.A.\u00a0 Augelli Cave S.r.l. Caposele S.c. a r.l. (ATI Vianini Lavori SpA, Ghella SpA) CEWEP e.V.\u00a0 Cipa SpA\u00a0 COLLINI LAVORI S.p.A. Dirpa2 S.c. a r.l.\u00a0 E.S.S.E.G.\u00a0 Ferrero Mangimi SpA\u00a0 \u00a0Galleria di base del Brennero \u2013 Brenner Basistunnel BBT SE HERA S.p.A.\u00a0\u00a0 Ghella S.p.A.\u00a0\u00a0 \u00a0Impresa Pizzarotti &amp; C. S.p.A.\u00a0 Italferr SpA\u00a0 Nuovo Farma S.c. [&hellip;]<\/p>\n","protected":false},"author":1,"featured_media":0,"parent":0,"menu_order":0,"comment_status":"closed","ping_status":"closed","template":"template-full-nopad.php","meta":{"_monsterinsights_skip_tracking":false,"_monsterinsights_sitenote_active":false,"_monsterinsights_sitenote_note":"","_monsterinsights_sitenote_category":0,"footnotes":"","_links_to":"","_links_to_target":""},"class_list":["post-1068","page","type-page","status-publish","hentry"],"aioseo_notices":[],"_links":{"self":[{"href":"https:\/\/www.serengeo.com\/it\/wp-json\/wp\/v2\/pages\/1068","targetHints":{"allow":["GET"]}}],"collection":[{"href":"https:\/\/www.serengeo.com\/it\/wp-json\/wp\/v2\/pages"}],"about":[{"href":"https:\/\/www.serengeo.com\/it\/wp-json\/wp\/v2\/types\/page"}],"author":[{"embeddable":true,"href":"https:\/\/www.serengeo.com\/it\/wp-json\/wp\/v2\/users\/1"}],"replies":[{"embeddable":true,"href":"https:\/\/www.serengeo.com\/it\/wp-json\/wp\/v2\/comments?post=1068"}],"version-history":[{"count":0,"href":"https:\/\/www.serengeo.com\/it\/wp-json\/wp\/v2\/pages\/1068\/revisions"}],"wp:attachment":[{"href":"https:\/\/www.serengeo.com\/it\/wp-json\/wp\/v2\/media?parent=1068"}],"curies":[{"name":"wp","href":"https:\/\/api.w.org\/{rel}","templated":true}]}}