{"id":1269,"date":"2014-03-24T16:36:18","date_gmt":"2014-03-24T16:36:18","guid":{"rendered":"https:\/\/www.serengeo.com\/?page_id=1269"},"modified":"2026-03-11T16:08:07","modified_gmt":"2026-03-11T15:08:07","slug":"privacy-it","status":"publish","type":"page","link":"https:\/\/www.serengeo.com\/it\/contatta-serengeo\/privacy-it\/","title":{"rendered":"Privacy &#8211; It"},"content":{"rendered":"<h2 style=\"text-align: left;\" align=\"center\"><strong>LA PRIVACY POLICY DI QUESTO SITO<\/strong><\/h2>\n<p align=\"justify\"><strong>PERCHE&#8217; QUESTO AVVISO<\/strong><\/p>\n<p>In questa pagina si descrivono le modalit\u00e0 di gestione del sito in riferimento al trattamento dei dati personali degli utenti che lo consultano.<\/p>\n<p>In ottemperanza degli obblighi derivanti dalla normativa nazionale (D. Lgs 30 giugno 2003 n. 196, Codice in materia di protezione dei dati personali) e comunitaria (<a href=\"http:\/\/eur-lex.europa.eu\/legal-content\/IT\/TXT\/?uri=uriserv:OJ.L_.2016.119.01.0001.01.ITA&amp;toc=OJ:L:2016:119:TOC\" target=\"_blank\" rel=\"noopener\">Regolamento europeo per la protezione dei dati personali n. 679\/2016, GDPR<\/a>) e successive modifiche, il presente sito rispetta e tutela la riservatezza dei visitatori e degli utenti, ponendo in essere ogni sforzo possibile e proporzionato per non ledere i diritti degli utenti.<\/p>\n<p>L&#8217;informativa della privacy \u00e8 resa anche ai sensi dell&#8217;<a href=\"http:\/\/www.garanteprivacy.it\/garante\/doc.jsp?ID=1311248#articolo13\" target=\"_blank\" rel=\"noopener\">art. 13 del d.lg. n. 196\/2003 &#8211; Codice in materia di protezione dei dati personali<\/a>\u00a0\u00a0a coloro che interagiscono con i servizi\u00a0<em>web<\/em>\u00a0di SERENGEO srl, accessibili per via telematica a partire dall&#8217;indirizzo:<\/p>\n<p style=\"text-align: left;\" align=\"center\"><em>www.serengeo.com<\/em><\/p>\n<p align=\"justify\">corrispondente alla pagina iniziale del sito ufficiale di SERENGEO.<\/p>\n<p>L&#8217;informativa \u00e8 resa solo per il sito di SERENGEO e non anche per altri siti\u00a0<em>web<\/em>\u00a0eventualmente consultati dall&#8217;utente tramite\u00a0<em>link<\/em>.<\/p>\n<p>L&#8217;informativa si ispira anche alla Raccomandazione n. 2\/2001 che le autorit\u00e0 europee per la protezione dei dati personali, riunite nel Gruppo istituito dall&#8217;<a href=\"http:\/\/www.garanteprivacy.it\/garante\/document?ID=432175\" target=\"_blank\" rel=\"noopener\">art. 29 della direttiva n. 95\/46\/CE<\/a>, hanno adottato il 17 maggio 2001 per individuare alcuni requisiti minimi per la raccolta di dati personali\u00a0<em>on-line<\/em>, e, in particolare, le modalit\u00e0, i tempi e la natura delle informazioni che i titolari del trattamento devono fornire agli utenti quando questi si collegano a pagine\u00a0<em>web<\/em>, indipendentemente dagli scopi del collegamento.<\/p>\n<p><strong>IL &#8220;TITOLARE&#8221; DEL TRATTAMENTO<\/strong><\/p>\n<p>A seguito della consultazione di questo sito possono essere trattati dati relativi a persone identificate o identificabili.<br \/>\nI dati raccolti dal sito sono trattati presso la sede del Titolare del Trattamento, e presso il datacenter del web Hosting.<br \/>\nIl &#8220;titolare&#8221; del loro trattamento \u00e8 SERENGEO srl, che ha sede legale in Via Luigi Valeriani 34, 40134, Bologna (Italia).<br \/>\nIl web hosting (Serverplan &#8211; Via G.Leopardi, 22 &#8211; 03043 Cassino (FR), IT), che \u00e8 responsabile del trattamento dei dati, elaborando i dati per conto del titolare, si trova nello Spazio Economico Europeo e agisce in conformit\u00e0 delle norme europee.<\/p>\n<p><strong>RESPONSABILE DEL TRATTAMENTO<\/strong><\/p>\n<p>La societ\u00e0 SERENGEO Srl \u00e8 stata designata responsabile del trattamento ai sensi dell&#8217;<a href=\"http:\/\/www.garanteprivacy.it\/garante\/doc.jsp?ID=1311248#articolo29\">articolo 29<\/a>\u00a0del Codice in materia di protezione dei dati personali, in quanto incaricata della manutenzione della parte tecnologica del sito.<\/p>\n<p align=\"justify\"><strong>LUOGO DI TRATTAMENTO DEI DATI<\/strong><\/p>\n<p align=\"justify\">I trattamenti connessi ai servizi web di questo sito hanno luogo presso la predetta sede di SERENGEO e sono curati solo da personale tecnico dell&#8217;Ufficio incaricato del trattamento.<\/p>\n<p align=\"justify\"><strong>TIPI DI DATI TRATTATI<\/strong><\/p>\n<p align=\"justify\"><em>Dati di navigazione<\/em><br \/>\nI sistemi informatici e le procedure\u00a0<em>software<\/em>\u00a0preposte al funzionamento di questo sito\u00a0<em>web<\/em>\u00a0acquisiscono, nel corso del loro normale esercizio, alcuni dati personali la cui trasmissione \u00e8 implicita nell&#8217;uso dei protocolli di comunicazione di Internet.<\/p>\n<p>Si tratta di informazioni che non sono raccolte per essere associate a interessati identificati, ma che per loro stessa natura potrebbero, attraverso elaborazioni ed associazioni con dati detenuti da terzi, permettere di identificare gli utenti.<\/p>\n<p>In questa categoria di dati rientrano gli indirizzi IP o i nomi a dominio dei computer utilizzati dagli utenti che si connettono al sito, gli indirizzi in notazione\u00a0<em>URI (Uniform Resource Identifier)<\/em>\u00a0delle risorse richieste, l&#8217;orario della richiesta, il metodo utilizzato nel sottoporre la richiesta al server, la dimensione del file ottenuto in risposta, il codice numerico indicante lo stato della risposta data dal\u00a0<em>server<\/em>\u00a0(buon fine, errore, ecc.) ed altri parametri relativi al sistema operativo e all&#8217;ambiente informatico dell&#8217;utente.<\/p>\n<p>Questi dati vengono utilizzati al solo fine di ricavare informazioni statistiche anonime sull&#8217;uso del sito e per controllarne il corretto funzionamento e vengono cancellati immediatamente dopo l&#8217;elaborazione. I dati potrebbero essere\u00a0utilizzati per l&#8217;accertamento di responsabilit\u00e0 in caso di ipotetici reati informatici ai danni del sito (dal 25 maggio 2018 tali informazioni saranno trattate in base ai legittimi interessi del titolare): salva questa eventualit\u00e0, allo stato i dati sui contatti\u00a0<em>web<\/em>\u00a0non persistono per pi\u00f9 di sette giorni.<\/p>\n<p align=\"justify\"><em>Dati forniti volontariamente dall&#8217;utente<\/em><br \/>\nL&#8217;invio facoltativo, esplicito e volontario di posta elettronica agli indirizzi indicati su questo sito comporta la successiva acquisizione dell&#8217;indirizzo del mittente, necessario per rispondere alle richieste, nonch\u00e9 degli eventuali altri dati personali inseriti nella missiva.<\/p>\n<p>Specifiche informative di sintesi verranno progressivamente riportate o visualizzate nelle pagine del sito predisposte per particolari servizi a richiesta.<\/p>\n<p align=\"justify\"><em>Cookies<\/em><br \/>\nNessun dato personale degli utenti viene in proposito acquisito dal sito.<\/p>\n<p>Non viene fatto uso di\u00a0<em>cookies<\/em>\u00a0per la trasmissione di informazioni di carattere personale, n\u00e9 vengono utilizzati c.d.<em>cookies<\/em>\u00a0persistenti di alcun tipo, ovvero sistemi per il tracciamento degli utenti.<\/p>\n<p>L&#8217;uso di c.d.\u00a0<em>cookies<\/em>\u00a0di sessione (che non vengono memorizzati in modo persistente sul computer dell&#8217;utente e svaniscono con la chiusura del browser) \u00e8 strettamente limitato alla trasmissione di identificativi di sessione (costituiti da numeri casuali generati dal\u00a0<em>server<\/em>) necessari per consentire l&#8217;esplorazione sicura ed efficiente del sito.<\/p>\n<p>I c.d.\u00a0<em>cookies<\/em>\u00a0di sessione utilizzati in questo sito evitano il ricorso ad altre tecniche informatiche potenzialmente pregiudizievoli per la riservatezza della navigazione degli utenti e non consentono l&#8217;acquisizione di dati personali identificativi dell&#8217;utente.<\/p>\n<p><strong>Plugin Social Network<\/strong><\/p>\n<p>Il presente sito incorpora anche plugin e\/o bottoni per i social network, al fine di consentire una facile condivisione dei contenuti sui vostri social network preferiti. Tali plugin sono programmati in modo da non impostare alcun cookie all&#8217;accesso della pagina, per salvaguardare la privacy degli utenti. Eventualmente i cookie vengono impostati, se cos\u00ec previsto dai social network, solo quando l&#8217;utente fa effettivo e volontario uso del plugin. Si tenga presente che se l&#8217;utente naviga essendo loggato nel social network allora ha gi\u00e0 acconsentito all&#8217;uso dei cookie veicolati tramite questo sito al momento dell&#8217;iscrizione al social network.<br \/>\nLa raccolta e l&#8217;uso delle informazioni ottenute a mezzo del plugin sono regolati dalle rispettive informative privacy dei social network, alle quali si prega di fare riferimento.<\/p>\n<p>&#8211;\u00a0<a title=\"Normativa sui dati\" href=\"https:\/\/www.facebook.com\/about\/privacy\/\" target=\"_blank\" rel=\"noopener noreferrer\">Facebook<\/a>\u00a0&#8211; (<a title=\"Cookie, pixel e tecnologie simili\" href=\"https:\/\/www.facebook.com\/help\/cookies\/\" target=\"_blank\" rel=\"noopener noreferrer\">link informativa cookie<\/a>)<br \/>\n&#8211;\u00a0<a title=\"La Sua privacy \u00e8 importante per noi\" href=\"https:\/\/www.linkedin.com\/legal\/privacy-policy\" target=\"_blank\" rel=\"noopener noreferrer\">LinkedIn<\/a>\u00a0&#8211; (<a title=\"I cookie sul sito di LinkedIn\" href=\"https:\/\/www.linkedin.com\/legal\/cookie-policy\" target=\"_blank\" rel=\"noopener noreferrer\">link informativa cookie<\/a>)<\/p>\n<p><strong>Trasferimento di dati in paesi extra UE<\/strong><\/p>\n<p>Il presente sito potrebbe condividere alcuni dei dati raccolti con servizi localizzati al di fuori dell&#8217;area dell&#8217;Unione Europea. In particolare con Facebook e Microsoft (LinkedIn) tramite i social plugin. Il trasferimento \u00e8 autorizzato in base a specifiche\u00a0<a title=\"Trasferimento dei dati personali verso Paesi terzi\" href=\"http:\/\/www.garanteprivacy.it\/home\/provvedimenti-normativa\/normativa\/normativa-comunitaria-e-intenazionale\/trasferimento-dei-dati-verso-paesi-terzi\" target=\"_blank\" rel=\"noopener noreferrer\">decisioni dell&#8217;Unione Europea e del Garante per la tutela dei dati personali<\/a>, in particolare la decisione 1250\/2016 (<a title=\"Decisione di esecuzione (UE) 2016\/1250 della Commissione, del 12 luglio 2016, a norma della direttiva 95\/46\/CE del Parlamento europeo e del Consiglio, sull'adeguatezza della protezione offerta dal regime dello scudo UE-USA per la privacy [notificata con il numero C(2016) 4176] (Testo rilevante ai fini del SEE)\" href=\"http:\/\/eur-lex.europa.eu\/legal-content\/IT\/TXT\/?uri=CELEX%3A32016D1250\" target=\"_blank\" rel=\"noopener\">Privacy Shield<\/a>\u00a0&#8211; qui la\u00a0<a title=\"Privacy Shield\" href=\"http:\/\/www.garanteprivacy.it\/web\/guest\/home\/docweb\/-\/docweb-display\/docweb\/5306161\" target=\"_blank\" rel=\"noopener\">pagina informativa del Garante italiano<\/a>), per cui non occorre ulteriore consenso.\u00a0Le aziende sopra menzionate garantiscono la propria adesione al Privacy Shield.<\/p>\n<p align=\"justify\"><strong>FACOLTATIVITA&#8217; DEL CONFERIMENTO DEI DATI<\/strong><\/p>\n<p>A parte quanto specificato per i dati di navigazione, l&#8217;utente \u00e8 libero di fornire i dati personali riportati\u00a0nei moduli di richiesta a SERENGEO o comunque indicati in contatti con l&#8217;Ufficio\u00a0per sollecitare l&#8217;invio della newsletter, di materiale informativo o di altre comunicazioni.<\/p>\n<p>Il loro mancato conferimento pu\u00f2 comportare l&#8217;impossibilit\u00e0 di ottenere quanto richiesto.<\/p>\n<p>Per completezza va ricordato che in alcuni casi\u00a0(non\u00a0oggetto dell&#8217;ordinaria gestione di questo sito) l&#8217;Autorit\u00e0 pu\u00f2 richiedere notizie e informazioni ai sensi dell&#8217;<a href=\"http:\/\/www.garanteprivacy.it\/garante\/doc.jsp?ID=1311248#articolo157\" target=\"_blank\" rel=\"noopener\">articolo 157 del Codice in materia di protezione dei dati personali<\/a>, ai fini del controllo sul trattamento dei dati personali. In questi casi la risposta \u00e8 obbligatoria a pena di sanzione amministrativa.<\/p>\n<p align=\"justify\"><strong>MODALITA&#8217; DEL TRATTAMENTO<\/strong><\/p>\n<p>I dati personali sono trattati con strumenti automatizzati per il tempo strettamente necessario a conseguire gli scopi per cui sono stati raccolti.<\/p>\n<p>Specifiche misure di sicurezza sono osservate per prevenire la perdita dei dati, usi illeciti o non corretti ed accessi non autorizzati.<\/p>\n<p align=\"justify\"><strong>DIRITTI DEGLI INTERESSATI<\/strong><\/p>\n<p>Ai sensi del Regolamento europeo 679\/2016 (GDPR) e della normativa nazionale, i soggetti cui si riferiscono i dati personali, secondo le modalit\u00e0 e nei limiti previsti dalla vigente normativa,\u00a0hanno il diritto in qualunque momento di ottenere la conferma dell&#8217;esistenza o meno dei medesimi dati e di conoscerne il contenuto e l&#8217;origine,\u00a0verificarne l&#8217;esattezza o chiederne l&#8217;integrazione o l&#8217;aggiornamento, oppure la rettificazione (<a href=\"http:\/\/www.garanteprivacy.it\/garante\/doc.jsp?ID=1311248#articolo7\" target=\"_blank\" rel=\"noopener\">articolo 7 del Codice in materia di protezione dei dati personali<\/a>).<\/p>\n<p>Ai sensi del medesimo articolo si ha\u00a0il diritto di chiedere la cancellazione, la trasformazione in forma anonima o il blocco dei dati trattati in violazione di legge, nonch\u00e9 di opporsi in ogni caso, per motivi legittimi, al loro trattamento.<\/p>\n<p id=\"aui_3_2_0_11015\">Le richieste vanno rivolte:<\/p>\n<p>&#8211; via e-mail, all&#8217;indirizzo: serengeo@serengeo.com<\/p>\n<p id=\"aui_3_2_0_11043\">&#8211; oppure via posta, a SERENGEO \u00a0srl, che ha sede in Bologna (Italia), Via\u00a0Umberto Terracini, 28, cap\u00a040131.<\/p>\n<p>Nel caso in cui i dati siano trattati in base ai\u00a0<strong>legittimi interessi<\/strong>\u00a0sono comunque garantiti i diritti degli interessati al trattamento (tranne il diritto alla portabilit\u00e0 che non \u00e8 previsto dalle norme), in particolare il diritto di opposizione al trattamento che pu\u00f2 essere esercitato inviando una richiesta al titolare del trattamento.<\/p>\n<p align=\"justify\"><strong>P3P<\/strong><\/p>\n<p>La presente informativa sulla\u00a0<em>privacy<\/em>\u00a0\u00e8 consultabile in forma automatica dai pi\u00f9 recenti\u00a0<em>browser<\/em>\u00a0che implementano lo\u00a0<em>standard<\/em>\u00a0P3P (&#8220;<em>Platform for Privacy Preferences Project<\/em>&#8220;) proposto dal\u00a0<em>World Wide Web Consortium<\/em>(<a href=\"http:\/\/www.w3c.org\/\" target=\"_blank\" rel=\"noopener\">www.w3c.org<\/a>).<\/p>\n<p>Ogni sforzo verr\u00e0 fatto per rendere il pi\u00f9 possibile interoperabili le funzionalit\u00e0 di questo sito con i meccanismi di controllo automatico della\u00a0<em>privacy<\/em>\u00a0disponibili in alcuni prodotti utilizzati dagli utenti.<\/p>\n<p>Considerando che lo stato di perfezionamento dei meccanismi automatici di controllo non li rende attualmente esenti da errori e disfunzioni, si precisa che il presente documento, pubblicato all&#8217;indirizzo<\/p>\n<p style=\"text-align: left;\" align=\"center\">\/\/www.serengeo.com\/it\/contatta-serengeo\/privacy-it\/<\/p>\n<p align=\"justify\">costituisce la &#8220;<em>Privacy Policy<\/em>&#8221; di questo sito che sar\u00e0 soggetta ad aggiornamenti.<\/p>\n<p>La presente privacy policy \u00e8 aggiornata alla data del 2 maggio 2018.<\/p>\n","protected":false},"excerpt":{"rendered":"<p>LA PRIVACY POLICY DI QUESTO SITO PERCHE&#8217; QUESTO AVVISO In questa pagina si descrivono le modalit\u00e0 di gestione del sito in riferimento al trattamento dei dati personali degli utenti che lo consultano. In ottemperanza degli obblighi derivanti dalla normativa nazionale (D. Lgs 30 giugno 2003 n. 196, Codice in materia di protezione dei dati personali) [&hellip;]<\/p>\n","protected":false},"author":1,"featured_media":0,"parent":1142,"menu_order":2,"comment_status":"open","ping_status":"open","template":"template-full-padded.php","meta":{"_monsterinsights_skip_tracking":false,"_monsterinsights_sitenote_active":false,"_monsterinsights_sitenote_note":"","_monsterinsights_sitenote_category":0,"footnotes":"","_links_to":"","_links_to_target":""},"class_list":["post-1269","page","type-page","status-publish","hentry"],"aioseo_notices":[],"_links":{"self":[{"href":"https:\/\/www.serengeo.com\/it\/wp-json\/wp\/v2\/pages\/1269","targetHints":{"allow":["GET"]}}],"collection":[{"href":"https:\/\/www.serengeo.com\/it\/wp-json\/wp\/v2\/pages"}],"about":[{"href":"https:\/\/www.serengeo.com\/it\/wp-json\/wp\/v2\/types\/page"}],"author":[{"embeddable":true,"href":"https:\/\/www.serengeo.com\/it\/wp-json\/wp\/v2\/users\/1"}],"replies":[{"embeddable":true,"href":"https:\/\/www.serengeo.com\/it\/wp-json\/wp\/v2\/comments?post=1269"}],"version-history":[{"count":0,"href":"https:\/\/www.serengeo.com\/it\/wp-json\/wp\/v2\/pages\/1269\/revisions"}],"up":[{"embeddable":true,"href":"https:\/\/www.serengeo.com\/it\/wp-json\/wp\/v2\/pages\/1142"}],"wp:attachment":[{"href":"https:\/\/www.serengeo.com\/it\/wp-json\/wp\/v2\/media?parent=1269"}],"curies":[{"name":"wp","href":"https:\/\/api.w.org\/{rel}","templated":true}]}}