{"id":7983,"date":"2021-05-19T08:56:19","date_gmt":"2021-05-19T07:56:19","guid":{"rendered":"https:\/\/www.serengeo.com\/?page_id=7983"},"modified":"2023-02-24T10:59:06","modified_gmt":"2023-02-24T09:59:06","slug":"ingegneria-scavi","status":"publish","type":"page","link":"https:\/\/www.serengeo.com\/it\/tunnelling-ingegneria\/ingegneria-scavi\/","title":{"rendered":"Ingegneria degli scavi"},"content":{"rendered":"<h1>Ingegneria degli scavi<\/h1>\n<p align=\"justify\">La realizzazione di uno scavo sotterraneo interagisce con l&#8217;ambiente circostante\u00a0(stato di sollecitazione nell&#8217;intorno del cavo, assetto idrogeologico locale, stabilit\u00e0 dei\u00a0versanti e delle strutture in superficie, ecc). Per minimizzare gli effetti indotti ed\u00a0ottimizzare la produttivit\u00e0 del cantiere \u00e8 indispensabile scegliere il metodo, la tecnica e la tecnologia di scavo ottimali, nonch\u00e9 le tecniche di consolidamento e di\u00a0rivestimento adeguate.<br \/>\nSERENGEO mette al servizio dei propri clienti le competenze maturate attraverso\u00a0progetti di ricerca applicata e consulenze tecnico \u2013 scientifiche.<br \/>\nIl nostro know-how si esprime principalmente sui seguenti temi:<\/p>\n<ul>\n<li>Scelta ed ottimizzazione della tecnica e della tecnologia di scavo al fronte<\/li>\n<li>Analisi dell&#8217;interazione dello scavo con l&#8217;ammasso<\/li>\n<li>Studio dei fenomeni di instabilit\u00e0 indotti dallo scavo (fenomeni franosi, subsidenza)<\/li>\n<li>Studio dell&#8217;interazione dello scavo con le strutture in superficie<\/li>\n<li>Verifica e controllo delle soluzioni progettuali in fase realizzativa.<\/li>\n<\/ul>\n<h2>Lavori svolti<\/h2>\n<ul>\n<li><a title=\"Soluzioni innovative di ingegneria della sicurezza per gli interventi di ripristino della galleria grisutosa Miglionico ed il monitoraggio delle emissioni di metano durante l\u2019esercizio ferroviario\" href=\"https:\/\/www.serengeo.com\/it\/tunnelling-ingegneria\/soluzioni-innovative-di-ingegneria-della-sicurezza-per-gli-interventi-di-ripristino-della-galleria-grisutosa-miglionico-ed-il-monitoraggio-delle-emissioni-di-metano-durante-lesercizio-ferrovi\/\" target=\"_blank\" rel=\"noopener\">2018-19. Soluzioni innovative di ingegneria della sicurezza per gli interventi di ripristino della galleria grisutosa Miglionico ed il monitoraggio delle emissioni di metano durante l\u2019esercizio ferroviario<\/a><\/li>\n<li><a title=\"Consulenza specialistica per la progettazione di un sistema innovativo per la realizzazione di pozzi verticali in terreni tramite idrodemolizione e spinta\" href=\"https:\/\/www.serengeo.com\/it\/tunnelling\/ingegneria-degli-scavi\/consulenza-specialistica-per-la-progettazione-di-un-sistema-innovativo-per-la-realizzazione-di-pozzi-verticali-in-terreni-tramite-idrodemolizione-e-spinta\/\" target=\"_blank\" rel=\"noopener\">2017-2018.\u00a0 Consulenza specialistica per la progettazione di un sistema innovativo per la realizzazione di pozzi verticali in terreni tramite idrodemolizione e spinta<\/a><\/li>\n<li><a href=\"\/\/www.serengeo.com\/it\/tunnelling\/consulenza-tecnico-scientifica-su-temi-riguardanti-gli-scavi-con-tbm-epb-di-gallerie-di-piccola-sezione-diametro-10-m-in-ammassi-rocciosi-grisutosi\/\" target=\"_blank\" rel=\"noopener noreferrer\">2016 &#8211; 2017. Progettazione ingegneristica della sicurezza negli scavi, con TBM-EPB, di gallerie di piccola sezione (diametro &lt; 10 m) in ammassi rocciosi grisutosi\u00a0<\/a><\/li>\n<li><a href=\"\/\/www.serengeo.com\/it\/tunnelling\/soluzioni-innovative-di-ingegneria-della-sicurezza-nello-scavo-di-gallerie-con-tbm-doppio-scudata-in-rocce-contenenti-metano-acido-solfidrico-ed-altri-gas-potenzialmente-esplosivi\/\" target=\"_blank\" rel=\"noopener noreferrer\">2015. Soluzioni innovative di ingegneria della sicurezza nello scavo di gallerie con TBM doppio scudata in rocce contenenti metano, acido solfidrico ed altri gas nocivi<\/a><\/li>\n<\/ul>\n<h2>Pubblicazioni<\/h2>\n<ul>\n<li>Bandini A., Berry P., Boldini D. (2015) Tunnelling-induced landslides: the Val di Sambro tunnel case study. Engineering Geology 196, pp. 71 \u2013 87, DOI:10.1016\/j.enggeo.2015.07.001.<\/li>\n<li>Selleri A., Berry P., Messina L., Bandini A., Cormio C. (2014) S-574. Progettazione, costruzione e primi riscontri di una fresa idonea ad operare in ambienti grisutosi. Atti Workshop Nazionale \u201cNIR 2013 \u2013 Note Interregionali di Ingegneria della Sicurezza nello scavo di gallerie\u201d. Bologna 4-5 Luglio 2014, Alma Mater Studiorum Universit\u00e0 di Bologna, AMS Acta, p. 183-192, ISBN: 9788898010202.<\/li>\n<li>Bandini A., Berry P., Bertolin S., Boldini D. (2014) Analisi critica del monitoraggio nello studio dell\u2019interazione tra una galleria autostradale e movimenti franosi. INGENIO 26: 40-41; ISSN: 2307-8928<\/li>\n<li>Bandini A., Berry P., Cormio C. (2014) Soluzioni ingegneristiche introdotte dalla NIR 41. <em>Atti Workshop Nazionale NIR 2013 &#8211; Note Interregionali di Ingegneria della Sicurezza nello scavo di gallerie<\/em>. Bologna 4-5 Luglio 2014, Alma Mater Studiorum Universit\u00e0 di Bologna, AMS Acta, p. 113-124, ISBN: 9788898010202.<\/li>\n<li>Bandini A., Berry P., Boldini D. (2014) Analisi dei movimenti franosi indotti dallo scavo di una galleria autostradale in una formazione strutturalmente\u00a0complessa. Gallerie e Grandi Opere Sotterranee, vol. 109: 84-87.<\/li>\n<li>Bandini A., Berry P., Boldini D. (2013) Analisi dei movimenti franosi indotti dallo scavo di una galleria autostradale in una formazione strutturalmente complessa. Congresso Internazionale della Societ\u00e0 Italiana Gallerie, Bologna 17-19 Ottobre 2013. Volume &#8220;Gallerie e Spazio Sotterraneo nello Sviluppo dell&#8217;Europa&#8221;, Patron ed., Granarolo dell&#8217;Emilia (BO), p. 1079-1090, ISBN: 978-88-555-3253-2.<\/li>\n<li>Berry P., Dantini E.M., Martelli F., Sciotti M. (2000) Emissioni di metano durante lo scavo di gallerie. Quarry and Construction, anno XXXVIII, n\u00b0 1,\u00a0pp. 37 \u00f7 64, genn. 2000.<\/li>\n<li>Berry P., Dantini E.M., Martelli F., Sciotti M. (1999) Emissioni di metano durante lo scavo di gallerie. Atti del Convegno Nazionale su: Attualit\u00e0 e\u00a0problematiche degli scavi di gallerie in Italia, Verona, pp. 5 \u00f7 28 e 132 \u00f7 135, marzo 1999.<\/li>\n<\/ul>\n","protected":false},"excerpt":{"rendered":"<p>Ingegneria degli scavi La realizzazione di uno scavo sotterraneo interagisce con l&#8217;ambiente circostante\u00a0(stato di sollecitazione nell&#8217;intorno del cavo, assetto idrogeologico locale, stabilit\u00e0 dei\u00a0versanti e delle strutture in superficie, ecc). Per minimizzare gli effetti indotti ed\u00a0ottimizzare la produttivit\u00e0 del cantiere \u00e8 indispensabile scegliere il metodo, la tecnica e la tecnologia di scavo ottimali, nonch\u00e9 le tecniche [&hellip;]<\/p>\n","protected":false},"author":1,"featured_media":0,"parent":7978,"menu_order":0,"comment_status":"closed","ping_status":"closed","template":"","meta":{"_monsterinsights_skip_tracking":false,"_monsterinsights_sitenote_active":false,"_monsterinsights_sitenote_note":"","_monsterinsights_sitenote_category":0,"footnotes":"","_links_to":"","_links_to_target":""},"class_list":["post-7983","page","type-page","status-publish","hentry"],"aioseo_notices":[],"_links":{"self":[{"href":"https:\/\/www.serengeo.com\/it\/wp-json\/wp\/v2\/pages\/7983","targetHints":{"allow":["GET"]}}],"collection":[{"href":"https:\/\/www.serengeo.com\/it\/wp-json\/wp\/v2\/pages"}],"about":[{"href":"https:\/\/www.serengeo.com\/it\/wp-json\/wp\/v2\/types\/page"}],"author":[{"embeddable":true,"href":"https:\/\/www.serengeo.com\/it\/wp-json\/wp\/v2\/users\/1"}],"replies":[{"embeddable":true,"href":"https:\/\/www.serengeo.com\/it\/wp-json\/wp\/v2\/comments?post=7983"}],"version-history":[{"count":0,"href":"https:\/\/www.serengeo.com\/it\/wp-json\/wp\/v2\/pages\/7983\/revisions"}],"up":[{"embeddable":true,"href":"https:\/\/www.serengeo.com\/it\/wp-json\/wp\/v2\/pages\/7978"}],"wp:attachment":[{"href":"https:\/\/www.serengeo.com\/it\/wp-json\/wp\/v2\/media?parent=7983"}],"curies":[{"name":"wp","href":"https:\/\/api.w.org\/{rel}","templated":true}]}}